{"id":730,"date":"2023-02-20T06:27:12","date_gmt":"2023-02-20T06:27:12","guid":{"rendered":"https:\/\/aplusdriveshaft.panchroma.dev\/our-gallery\/"},"modified":"2023-02-21T13:35:11","modified_gmt":"2023-02-21T13:35:11","slug":"our-gallery","status":"publish","type":"page","link":"https:\/\/www.aplusdriveshaft.ca\/fr\/our-gallery\/","title":{"rendered":"Our Gallery"},"content":{"rendered":"\t\t<div data-elementor-type=\"wp-page\" data-elementor-id=\"730\" class=\"elementor elementor-730 elementor-17\" data-elementor-post-type=\"page\">\n\t\t\t\t\t\t<section class=\"elementor-section elementor-top-section elementor-element elementor-element-6200859 elementor-section-boxed elementor-section-height-default elementor-section-height-default\" data-id=\"6200859\" data-element_type=\"section\" data-e-type=\"section\" data-settings=\"{&quot;background_background&quot;:&quot;classic&quot;}\">\n\t\t\t\t\t\t\t<div class=\"elementor-background-overlay\"><\/div>\n\t\t\t\t\t\t\t<div class=\"elementor-container elementor-column-gap-default\">\n\t\t\t\t\t<div class=\"elementor-column elementor-col-50 elementor-top-column elementor-element elementor-element-8932579 elementor-invisible\" data-id=\"8932579\" data-element_type=\"column\" data-e-type=\"column\" data-settings=\"{&quot;animation&quot;:&quot;fadeIn&quot;}\">\n\t\t\t<div class=\"elementor-widget-wrap elementor-element-populated\">\n\t\t\t\t\t\t<div class=\"elementor-element elementor-element-0e9769c _title elementor-widget elementor-widget-heading\" data-id=\"0e9769c\" data-element_type=\"widget\" data-e-type=\"widget\" data-widget_type=\"heading.default\">\n\t\t\t\t<div class=\"elementor-widget-container\">\n\t\t\t\t\t<h2 class=\"elementor-heading-title elementor-size-default\">NOTRE GALERIE<\/h2>\t\t\t\t<\/div>\n\t\t\t\t<\/div>\n\t\t\t\t<div class=\"elementor-element elementor-element-cd238be elementor-widget-divider--view-line elementor-widget elementor-widget-divider\" data-id=\"cd238be\" data-element_type=\"widget\" data-e-type=\"widget\" data-widget_type=\"divider.default\">\n\t\t\t\t<div class=\"elementor-widget-container\">\n\t\t\t\t\t\t\t<div class=\"elementor-divider\">\n\t\t\t<span class=\"elementor-divider-separator\">\n\t\t\t\t\t\t<\/span>\n\t\t<\/div>\n\t\t\t\t\t\t<\/div>\n\t\t\t\t<\/div>\n\t\t\t\t\t<\/div>\n\t\t<\/div>\n\t\t\t\t<div class=\"elementor-column elementor-col-50 elementor-top-column elementor-element elementor-element-43397d8 elementor-invisible\" data-id=\"43397d8\" data-element_type=\"column\" data-e-type=\"column\" data-settings=\"{&quot;animation&quot;:&quot;fadeIn&quot;}\">\n\t\t\t<div class=\"elementor-widget-wrap elementor-element-populated\">\n\t\t\t\t\t\t<div class=\"elementor-element elementor-element-f2cdc05 elementor-widget elementor-widget-text-editor\" data-id=\"f2cdc05\" data-element_type=\"widget\" data-e-type=\"widget\" data-widget_type=\"text-editor.default\">\n\t\t\t\t<div class=\"elementor-widget-container\">\n\t\t\t\t\t\t\t\t\t<div id=\"1367825137\" class=\"small-12 dmRespCol large-6 medium-6\">\n<div id=\"1591807915\" class=\"u_1591807915 dmDividerWrapper clearfix\" data-element-type=\"dDividerId\" data-layout=\"divider-style-1\" data-widget-version=\"2\">L&rsquo;arbre de transmission de votre voiture vous cause-t-il des probl\u00e8mes? Visitez A-Plus Drive Shaft Repair Inc pour des services de r\u00e9paration d&rsquo;arbres de transmission de qualit\u00e9 dans la r\u00e9gion de Moncton.\n\n\nNous offrons des pi\u00e8ces d&rsquo;arbre de transmission de qualit\u00e9 et l&rsquo;\u00e9quilibrage d&rsquo;arbre de transmission pour diverses automobiles, comme les voitures muscl\u00e9es, les 4&#215;4, les camions et plus encore. Vous pouvez consulter certains des produits que nous fournissons \u00e0 notre \u00e9tablissement.<\/div>\n<\/div>\t\t\t\t\t\t\t\t<\/div>\n\t\t\t\t<\/div>\n\t\t\t\t\t<\/div>\n\t\t<\/div>\n\t\t\t\t\t<\/div>\n\t\t<\/section>\n\t\t\t\t<section class=\"elementor-section elementor-top-section elementor-element elementor-element-c433df6 elementor-section-boxed elementor-section-height-default elementor-section-height-default\" data-id=\"c433df6\" data-element_type=\"section\" data-e-type=\"section\" data-settings=\"{&quot;background_background&quot;:&quot;classic&quot;}\">\n\t\t\t\t\t\t<div class=\"elementor-container elementor-column-gap-default\">\n\t\t\t\t\t<div class=\"elementor-column elementor-col-50 elementor-top-column elementor-element elementor-element-c713f09 elementor-invisible\" data-id=\"c713f09\" data-element_type=\"column\" data-e-type=\"column\" data-settings=\"{&quot;animation&quot;:&quot;fadeIn&quot;}\">\n\t\t\t<div class=\"elementor-widget-wrap elementor-element-populated\">\n\t\t\t\t\t\t<div class=\"elementor-element elementor-element-f95c3da elementor-widget elementor-widget-image-gallery\" data-id=\"f95c3da\" data-element_type=\"widget\" data-e-type=\"widget\" data-widget_type=\"image-gallery.default\">\n\t\t\t\t<div class=\"elementor-widget-container\">\n\t\t\t\t\t\t\t<div class=\"elementor-image-gallery\">\n\t\t\t<div id='gallery-1' class='gallery galleryid-730 gallery-columns-1 gallery-size-full'><figure class='gallery-item'>\n\t\t\t<div class='gallery-icon landscape'>\n\t\t\t\t<a data-elementor-open-lightbox=\"yes\" data-elementor-lightbox-slideshow=\"f95c3da\" data-elementor-lightbox-title=\"gallery111_985-331x249-55\" data-e-action-hash=\"#elementor-action%3Aaction%3Dlightbox%26settings%3DeyJpZCI6NTc5LCJ1cmwiOiJodHRwczpcL1wvd3d3LmFwbHVzZHJpdmVzaGFmdC5jYVwvd3AtY29udGVudFwvdXBsb2Fkc1wvMjAyM1wvMDJcL2dhbGxlcnkxMTFfOTg1LTMzMXgyNDktNTUucG5nIiwic2xpZGVzaG93IjoiZjk1YzNkYSJ9\" href='https:\/\/www.aplusdriveshaft.ca\/wp-content\/uploads\/2023\/02\/gallery111_985-331x249-55.png'><img fetchpriority=\"high\" decoding=\"async\" width=\"550\" height=\"413\" src=\"https:\/\/www.aplusdriveshaft.ca\/wp-content\/uploads\/2023\/02\/gallery111_985-331x249-55.png\" class=\"attachment-full size-full\" alt=\"\" aria-describedby=\"gallery-1-579\" srcset=\"https:\/\/www.aplusdriveshaft.ca\/wp-content\/uploads\/2023\/02\/gallery111_985-331x249-55.png 550w, https:\/\/www.aplusdriveshaft.ca\/wp-content\/uploads\/2023\/02\/gallery111_985-331x249-55-300x225.png 300w\" sizes=\"(max-width: 550px) 100vw, 550px\" \/><\/a>\n\t\t\t<\/div>\n\t\t\t\t<figcaption class='wp-caption-text gallery-caption' id='gallery-1-579'>\n\t\t\t\tArbres de transmission reconstruits pr\u00eats \u00e0 \u00eatre r\u00e9cup\u00e9r\u00e9s\n\t\t\t\t<\/figcaption><\/figure>\n\t\t<\/div>\n\t\t<\/div>\n\t\t\t\t\t\t<\/div>\n\t\t\t\t<\/div>\n\t\t\t\t\t<\/div>\n\t\t<\/div>\n\t\t\t\t<div class=\"elementor-column elementor-col-50 elementor-top-column elementor-element elementor-element-0e64c79 elementor-invisible\" data-id=\"0e64c79\" data-element_type=\"column\" data-e-type=\"column\" data-settings=\"{&quot;animation&quot;:&quot;fadeIn&quot;}\">\n\t\t\t<div class=\"elementor-widget-wrap elementor-element-populated\">\n\t\t\t\t\t\t<div class=\"elementor-element elementor-element-c501a66 elementor-widget elementor-widget-image-gallery\" data-id=\"c501a66\" data-element_type=\"widget\" data-e-type=\"widget\" data-widget_type=\"image-gallery.default\">\n\t\t\t\t<div class=\"elementor-widget-container\">\n\t\t\t\t\t\t\t<div class=\"elementor-image-gallery\">\n\t\t\t<div id='gallery-2' class='gallery galleryid-730 gallery-columns-1 gallery-size-full'><figure class='gallery-item'>\n\t\t\t<div class='gallery-icon landscape'>\n\t\t\t\t<a data-elementor-open-lightbox=\"yes\" data-elementor-lightbox-slideshow=\"c501a66\" data-elementor-lightbox-title=\"Gallery4-900x675-552w\" data-e-action-hash=\"#elementor-action%3Aaction%3Dlightbox%26settings%3DeyJpZCI6NDg5LCJ1cmwiOiJodHRwczpcL1wvd3d3LmFwbHVzZHJpdmVzaGFmdC5jYVwvd3AtY29udGVudFwvdXBsb2Fkc1wvMjAyM1wvMDJcL0dhbGxlcnk0LTkwMHg2NzUtNTUydy5wbmciLCJzbGlkZXNob3ciOiJjNTAxYTY2In0%3D\" href='https:\/\/www.aplusdriveshaft.ca\/wp-content\/uploads\/2023\/02\/Gallery4-900x675-552w.png'><img decoding=\"async\" width=\"550\" height=\"413\" src=\"https:\/\/www.aplusdriveshaft.ca\/wp-content\/uploads\/2023\/02\/Gallery4-900x675-552w.png\" class=\"attachment-full size-full\" alt=\"\" srcset=\"https:\/\/www.aplusdriveshaft.ca\/wp-content\/uploads\/2023\/02\/Gallery4-900x675-552w.png 550w, https:\/\/www.aplusdriveshaft.ca\/wp-content\/uploads\/2023\/02\/Gallery4-900x675-552w-300x225.png 300w\" sizes=\"(max-width: 550px) 100vw, 550px\" \/><\/a>\n\t\t\t<\/div><\/figure>\n\t\t<\/div>\n\t\t<\/div>\n\t\t\t\t\t\t<\/div>\n\t\t\t\t<\/div>\n\t\t\t\t\t<\/div>\n\t\t<\/div>\n\t\t\t\t\t<\/div>\n\t\t<\/section>\n\t\t\t\t<section class=\"elementor-section elementor-top-section elementor-element elementor-element-043dd05 elementor-section-boxed elementor-section-height-default elementor-section-height-default\" data-id=\"043dd05\" data-element_type=\"section\" data-e-type=\"section\" data-settings=\"{&quot;background_background&quot;:&quot;classic&quot;}\">\n\t\t\t\t\t\t<div class=\"elementor-container elementor-column-gap-default\">\n\t\t\t\t\t<div class=\"elementor-column elementor-col-50 elementor-top-column elementor-element elementor-element-23a7f74 elementor-invisible\" data-id=\"23a7f74\" data-element_type=\"column\" data-e-type=\"column\" data-settings=\"{&quot;animation&quot;:&quot;fadeIn&quot;}\">\n\t\t\t<div class=\"elementor-widget-wrap elementor-element-populated\">\n\t\t\t\t\t\t<div class=\"elementor-element elementor-element-285b561 elementor-widget elementor-widget-image-gallery\" data-id=\"285b561\" data-element_type=\"widget\" data-e-type=\"widget\" data-widget_type=\"image-gallery.default\">\n\t\t\t\t<div class=\"elementor-widget-container\">\n\t\t\t\t\t\t\t<div class=\"elementor-image-gallery\">\n\t\t\t<div id='gallery-3' class='gallery galleryid-730 gallery-columns-1 gallery-size-full'><figure class='gallery-item'>\n\t\t\t<div class='gallery-icon landscape'>\n\t\t\t\t<a data-elementor-open-lightbox=\"yes\" data-elementor-lightbox-slideshow=\"285b561\" data-elementor-lightbox-title=\"Gallery11-900x675-552w\" data-e-action-hash=\"#elementor-action%3Aaction%3Dlightbox%26settings%3DeyJpZCI6NTc0LCJ1cmwiOiJodHRwczpcL1wvd3d3LmFwbHVzZHJpdmVzaGFmdC5jYVwvd3AtY29udGVudFwvdXBsb2Fkc1wvMjAyM1wvMDJcL0dhbGxlcnkxMS05MDB4Njc1LTU1MncucG5nIiwic2xpZGVzaG93IjoiMjg1YjU2MSJ9\" href='https:\/\/www.aplusdriveshaft.ca\/wp-content\/uploads\/2023\/02\/Gallery11-900x675-552w.png'><img decoding=\"async\" width=\"550\" height=\"413\" src=\"https:\/\/www.aplusdriveshaft.ca\/wp-content\/uploads\/2023\/02\/Gallery11-900x675-552w.png\" class=\"attachment-full size-full\" alt=\"\" aria-describedby=\"gallery-3-574\" srcset=\"https:\/\/www.aplusdriveshaft.ca\/wp-content\/uploads\/2023\/02\/Gallery11-900x675-552w.png 550w, https:\/\/www.aplusdriveshaft.ca\/wp-content\/uploads\/2023\/02\/Gallery11-900x675-552w-300x225.png 300w\" sizes=\"(max-width: 550px) 100vw, 550px\" \/><\/a>\n\t\t\t<\/div>\n\t\t\t\t<figcaption class='wp-caption-text gallery-caption' id='gallery-3-574'>\n\t\t\t\tArbre de transmission neuf personnalis\u00e9 pour voiture musculaire\n\t\t\t\t<\/figcaption><\/figure>\n\t\t<\/div>\n\t\t<\/div>\n\t\t\t\t\t\t<\/div>\n\t\t\t\t<\/div>\n\t\t\t\t\t<\/div>\n\t\t<\/div>\n\t\t\t\t<div class=\"elementor-column elementor-col-50 elementor-top-column elementor-element elementor-element-013bfc1 elementor-invisible\" data-id=\"013bfc1\" data-element_type=\"column\" data-e-type=\"column\" data-settings=\"{&quot;animation&quot;:&quot;fadeIn&quot;}\">\n\t\t\t<div class=\"elementor-widget-wrap elementor-element-populated\">\n\t\t\t\t\t\t<div class=\"elementor-element elementor-element-cd6455c elementor-widget elementor-widget-image-gallery\" data-id=\"cd6455c\" data-element_type=\"widget\" data-e-type=\"widget\" data-widget_type=\"image-gallery.default\">\n\t\t\t\t<div class=\"elementor-widget-container\">\n\t\t\t\t\t\t\t<div class=\"elementor-image-gallery\">\n\t\t\t<div id='gallery-4' class='gallery galleryid-730 gallery-columns-1 gallery-size-full'><figure class='gallery-item'>\n\t\t\t<div class='gallery-icon landscape'>\n\t\t\t\t<a data-elementor-open-lightbox=\"yes\" data-elementor-lightbox-slideshow=\"cd6455c\" data-elementor-lightbox-title=\"Gallery2-4032x3024-552w\" data-e-action-hash=\"#elementor-action%3Aaction%3Dlightbox%26settings%3DeyJpZCI6NTk1LCJ1cmwiOiJodHRwczpcL1wvd3d3LmFwbHVzZHJpdmVzaGFmdC5jYVwvd3AtY29udGVudFwvdXBsb2Fkc1wvMjAyM1wvMDJcL0dhbGxlcnkyLTQwMzJ4MzAyNC01NTJ3LnBuZyIsInNsaWRlc2hvdyI6ImNkNjQ1NWMifQ%3D%3D\" href='https:\/\/www.aplusdriveshaft.ca\/wp-content\/uploads\/2023\/02\/Gallery2-4032x3024-552w.png'><img loading=\"lazy\" decoding=\"async\" width=\"550\" height=\"413\" src=\"https:\/\/www.aplusdriveshaft.ca\/wp-content\/uploads\/2023\/02\/Gallery2-4032x3024-552w.png\" class=\"attachment-full size-full\" alt=\"\" aria-describedby=\"gallery-4-595\" srcset=\"https:\/\/www.aplusdriveshaft.ca\/wp-content\/uploads\/2023\/02\/Gallery2-4032x3024-552w.png 550w, https:\/\/www.aplusdriveshaft.ca\/wp-content\/uploads\/2023\/02\/Gallery2-4032x3024-552w-300x225.png 300w\" sizes=\"(max-width: 550px) 100vw, 550px\" \/><\/a>\n\t\t\t<\/div>\n\t\t\t\t<figcaption class='wp-caption-text gallery-caption' id='gallery-4-595'>\n\t\t\t\tArbre de transmission neuf sur balancier\n\t\t\t\t<\/figcaption><\/figure>\n\t\t<\/div>\n\t\t<\/div>\n\t\t\t\t\t\t<\/div>\n\t\t\t\t<\/div>\n\t\t\t\t\t<\/div>\n\t\t<\/div>\n\t\t\t\t\t<\/div>\n\t\t<\/section>\n\t\t\t\t<section class=\"elementor-section elementor-top-section elementor-element elementor-element-a025eb7 elementor-section-content-middle elementor-section-boxed elementor-section-height-default elementor-section-height-default\" data-id=\"a025eb7\" data-element_type=\"section\" data-e-type=\"section\" data-settings=\"{&quot;background_background&quot;:&quot;classic&quot;,&quot;shape_divider_bottom_negative&quot;:&quot;yes&quot;,&quot;shape_divider_bottom&quot;:&quot;arrow&quot;}\">\n\t\t\t\t\t<div class=\"elementor-shape elementor-shape-bottom\" aria-hidden=\"true\" data-negative=\"true\">\n\t\t\t<svg xmlns=\"http:\/\/www.w3.org\/2000\/svg\" viewBox=\"0 0 700 10\" preserveAspectRatio=\"none\">\n\t<path class=\"elementor-shape-fill\" d=\"M360 0L350 9.9 340 0 0 0 0 10 700 10 700 0\"\/>\n<\/svg>\t\t<\/div>\n\t\t\t\t\t<div class=\"elementor-container elementor-column-gap-no\">\n\t\t\t\t\t<div class=\"elementor-column elementor-col-50 elementor-top-column elementor-element elementor-element-93f2b8c animated-fast elementor-invisible\" data-id=\"93f2b8c\" data-element_type=\"column\" data-e-type=\"column\" data-settings=\"{&quot;animation&quot;:&quot;fadeIn&quot;}\">\n\t\t\t<div class=\"elementor-widget-wrap elementor-element-populated\">\n\t\t\t\t\t\t<div class=\"elementor-element elementor-element-9bd42f5 elementor-widget__width-auto elementor-widget elementor-widget-heading\" data-id=\"9bd42f5\" data-element_type=\"widget\" data-e-type=\"widget\" data-widget_type=\"heading.default\">\n\t\t\t\t<div class=\"elementor-widget-container\">\n\t\t\t\t\t<h3 class=\"elementor-heading-title elementor-size-default\">Appelez-nous pour planifier un entretien ou pour en savoir plus sur les services que nous offrons pour les arbres de transmission!<\/h3>\t\t\t\t<\/div>\n\t\t\t\t<\/div>\n\t\t\t\t\t<\/div>\n\t\t<\/div>\n\t\t\t\t<div class=\"elementor-column elementor-col-50 elementor-top-column elementor-element elementor-element-da1c8fa animated-fast elementor-invisible\" data-id=\"da1c8fa\" data-element_type=\"column\" data-e-type=\"column\" data-settings=\"{&quot;animation&quot;:&quot;fadeIn&quot;}\">\n\t\t\t<div class=\"elementor-widget-wrap elementor-element-populated\">\n\t\t\t\t\t\t<div class=\"elementor-element elementor-element-eee1e15 elementor-mobile-align-center elementor-align-right elementor-tablet-align-center elementor-widget elementor-widget-button\" data-id=\"eee1e15\" data-element_type=\"widget\" data-e-type=\"widget\" data-widget_type=\"button.default\">\n\t\t\t\t<div class=\"elementor-widget-container\">\n\t\t\t\t\t\t\t\t\t<div class=\"elementor-button-wrapper\">\n\t\t\t\t\t<a class=\"elementor-button elementor-button-link elementor-size-md\" href=\"\/contact\/\">\n\t\t\t\t\t\t<span class=\"elementor-button-content-wrapper\">\n\t\t\t\t\t\t\t\t\t<span class=\"elementor-button-text\">Contact Us<\/span>\n\t\t\t\t\t<\/span>\n\t\t\t\t\t<\/a>\n\t\t\t\t<\/div>\n\t\t\t\t\t\t\t\t<\/div>\n\t\t\t\t<\/div>\n\t\t\t\t\t<\/div>\n\t\t<\/div>\n\t\t\t\t\t<\/div>\n\t\t<\/section>\n\t\t\t\t<\/div>\n\t\t","protected":false},"excerpt":{"rendered":"<p>NOTRE GALERIE L&rsquo;arbre de transmission de votre voiture vous cause-t-il des probl\u00e8mes? Visitez A-Plus Drive Shaft Repair Inc pour des services de r\u00e9paration d&rsquo;arbres de transmission de qualit\u00e9 dans la r\u00e9gion de Moncton. Nous offrons des pi\u00e8ces d&rsquo;arbre de transmission de qualit\u00e9 et l&rsquo;\u00e9quilibrage d&rsquo;arbre de transmission pour diverses automobiles, comme les voitures muscl\u00e9es, les [&hellip;]<\/p>\n","protected":false},"author":1,"featured_media":0,"parent":0,"menu_order":0,"comment_status":"closed","ping_status":"closed","template":"elementor_header_footer","meta":{"footnotes":""},"class_list":["post-730","page","type-page","status-publish","hentry"],"_links":{"self":[{"href":"https:\/\/www.aplusdriveshaft.ca\/fr\/wp-json\/wp\/v2\/pages\/730","targetHints":{"allow":["GET"]}}],"collection":[{"href":"https:\/\/www.aplusdriveshaft.ca\/fr\/wp-json\/wp\/v2\/pages"}],"about":[{"href":"https:\/\/www.aplusdriveshaft.ca\/fr\/wp-json\/wp\/v2\/types\/page"}],"author":[{"embeddable":true,"href":"https:\/\/www.aplusdriveshaft.ca\/fr\/wp-json\/wp\/v2\/users\/1"}],"replies":[{"embeddable":true,"href":"https:\/\/www.aplusdriveshaft.ca\/fr\/wp-json\/wp\/v2\/comments?post=730"}],"version-history":[{"count":5,"href":"https:\/\/www.aplusdriveshaft.ca\/fr\/wp-json\/wp\/v2\/pages\/730\/revisions"}],"predecessor-version":[{"id":1160,"href":"https:\/\/www.aplusdriveshaft.ca\/fr\/wp-json\/wp\/v2\/pages\/730\/revisions\/1160"}],"wp:attachment":[{"href":"https:\/\/www.aplusdriveshaft.ca\/fr\/wp-json\/wp\/v2\/media?parent=730"}],"curies":[{"name":"wp","href":"https:\/\/api.w.org\/{rel}","templated":true}]}}